{"id":13,"date":"2018-04-16T08:50:09","date_gmt":"2018-04-16T11:50:09","guid":{"rendered":"http:\/\/localhost\/base\/sitenovo\/?page_id=13"},"modified":"2024-03-22T00:21:24","modified_gmt":"2024-03-22T03:21:24","slug":"quem-somos","status":"publish","type":"page","link":"https:\/\/www.comunicarmais.com.br\/site\/quem-somos\/","title":{"rendered":"Quem Somos"},"content":{"rendered":"\n<div class=\"wp-block-group is-vertical is-layout-flex wp-container-core-group-is-layout-8cf370e7 wp-block-group-is-layout-flex\">\n<p><strong>Quer Mais informa\u00e7\u00e3o sobre o que acontece no seu bairro sem perder de vista os fatos do Brasil e do Mundo? Navegue com a gente!<\/strong><\/p>\n\n\n\n<p><strong>A nossa atualiza\u00e7\u00e3o \u00e9 di\u00e1ria com um conte\u00fado rico e diversificado. Deixe as ideologias para os ide\u00f3logos. Aqui, noticiamos fatos, n\u00e3o brigamos com eles.<\/strong><\/p>\n\n\n\n<p><strong>Desde 2015, levamos a informa\u00e7\u00e3o com \u00e9tica e responsabilidade at\u00e9 voc\u00ea. Essas s\u00e3o as bandeiras do Comunicarmais.<\/strong><\/p>\n\n\n\n<figure class=\"wp-block-image size-full\"><img decoding=\"async\" width=\"579\" height=\"540\" data-src=\"https:\/\/www.comunicarmais.com.br\/site\/wp-content\/uploads\/2024\/03\/logomarca-COMUNICARMAIS.jpg\" alt=\"\" class=\"wp-image-1569 lazyload\" src=\"data:image\/svg+xml;base64,PHN2ZyB3aWR0aD0iMSIgaGVpZ2h0PSIxIiB4bWxucz0iaHR0cDovL3d3dy53My5vcmcvMjAwMC9zdmciPjwvc3ZnPg==\" style=\"--smush-placeholder-width: 579px; --smush-placeholder-aspect-ratio: 579\/540;\" \/><\/figure>\n<\/div>\n","protected":false},"excerpt":{"rendered":"<p>Quer Mais informa\u00e7\u00e3o sobre o que acontece no seu bairro sem perder de vista os fatos do Brasil e do Mundo? Navegue com a gente! A nossa atualiza\u00e7\u00e3o \u00e9 di\u00e1ria com um conte\u00fado rico e diversificado. Deixe as ideologias para os ide\u00f3logos. Aqui, noticiamos fatos, n\u00e3o brigamos com eles. Desde 2015, levamos a informa\u00e7\u00e3o com &hellip; <a href=\"https:\/\/www.comunicarmais.com.br\/site\/quem-somos\/\">Continua<\/a><\/p>\n","protected":false},"author":2,"featured_media":0,"parent":0,"menu_order":0,"comment_status":"closed","ping_status":"closed","template":"page-default.php","meta":{"_acf_changed":false,"footnotes":""},"class_list":["post-13","page","type-page","status-publish","hentry"],"acf":[],"yoast_head":"<!-- This site is optimized with the Yoast SEO plugin v26.1.1 - https:\/\/yoast.com\/wordpress\/plugins\/seo\/ -->\n<title>Quem Somos - Comunicar Mais<\/title>\n<meta name=\"description\" content=\"Aqui, voc\u00ea fica bem informado do que acontece no seu bairro e no mundo. Informar com \u00e9tica e responsabilidade s\u00e3o as bandeiras do Comunicarmais.\" \/>\n<meta name=\"robots\" content=\"index, follow, max-snippet:-1, max-image-preview:large, max-video-preview:-1\" \/>\n<link rel=\"canonical\" href=\"https:\/\/www.comunicarmais.com.br\/site\/quem-somos\/\" \/>\n<meta property=\"og:locale\" content=\"pt_BR\" \/>\n<meta property=\"og:type\" content=\"article\" \/>\n<meta property=\"og:title\" content=\"Quem Somos - Comunicar Mais\" \/>\n<meta property=\"og:description\" content=\"Aqui, voc\u00ea fica bem informado do que acontece no seu bairro e no mundo. Informar com \u00e9tica e responsabilidade s\u00e3o as bandeiras do Comunicarmais.\" \/>\n<meta property=\"og:url\" content=\"https:\/\/www.comunicarmais.com.br\/site\/quem-somos\/\" \/>\n<meta property=\"og:site_name\" content=\"Comunicar Mais\" \/>\n<meta property=\"article:publisher\" content=\"https:\/\/www.facebook.com\/comunicarmais\/\" \/>\n<meta property=\"article:modified_time\" content=\"2024-03-22T03:21:24+00:00\" \/>\n<meta property=\"og:image\" content=\"https:\/\/www.comunicarmais.com.br\/site\/wp-content\/uploads\/2024\/03\/logomarca-COMUNICARMAIS.jpg\" \/>\n<meta name=\"twitter:card\" content=\"summary_large_image\" \/>\n<meta name=\"twitter:site\" content=\"@ComunicarmaisBA\" \/>\n<meta name=\"twitter:label1\" content=\"Est. tempo de leitura\" \/>\n\t<meta name=\"twitter:data1\" content=\"1 minuto\" \/>\n<script type=\"application\/ld+json\" class=\"yoast-schema-graph\">{\"@context\":\"https:\/\/schema.org\",\"@graph\":[{\"@type\":\"WebPage\",\"@id\":\"https:\/\/www.comunicarmais.com.br\/site\/quem-somos\/\",\"url\":\"https:\/\/www.comunicarmais.com.br\/site\/quem-somos\/\",\"name\":\"Quem Somos - Comunicar Mais\",\"isPartOf\":{\"@id\":\"https:\/\/www.comunicarmais.com.br\/site\/#website\"},\"primaryImageOfPage\":{\"@id\":\"https:\/\/www.comunicarmais.com.br\/site\/quem-somos\/#primaryimage\"},\"image\":{\"@id\":\"https:\/\/www.comunicarmais.com.br\/site\/quem-somos\/#primaryimage\"},\"thumbnailUrl\":\"https:\/\/www.comunicarmais.com.br\/site\/wp-content\/uploads\/2024\/03\/logomarca-COMUNICARMAIS.jpg\",\"datePublished\":\"2018-04-16T11:50:09+00:00\",\"dateModified\":\"2024-03-22T03:21:24+00:00\",\"description\":\"Aqui, voc\u00ea fica bem informado do que acontece no seu bairro e no mundo. Informar com \u00e9tica e responsabilidade s\u00e3o as bandeiras do Comunicarmais.\",\"breadcrumb\":{\"@id\":\"https:\/\/www.comunicarmais.com.br\/site\/quem-somos\/#breadcrumb\"},\"inLanguage\":\"pt-BR\",\"potentialAction\":[{\"@type\":\"ReadAction\",\"target\":[\"https:\/\/www.comunicarmais.com.br\/site\/quem-somos\/\"]}]},{\"@type\":\"ImageObject\",\"inLanguage\":\"pt-BR\",\"@id\":\"https:\/\/www.comunicarmais.com.br\/site\/quem-somos\/#primaryimage\",\"url\":\"https:\/\/www.comunicarmais.com.br\/site\/wp-content\/uploads\/2024\/03\/logomarca-COMUNICARMAIS.jpg\",\"contentUrl\":\"https:\/\/www.comunicarmais.com.br\/site\/wp-content\/uploads\/2024\/03\/logomarca-COMUNICARMAIS.jpg\",\"width\":579,\"height\":540},{\"@type\":\"BreadcrumbList\",\"@id\":\"https:\/\/www.comunicarmais.com.br\/site\/quem-somos\/#breadcrumb\",\"itemListElement\":[{\"@type\":\"ListItem\",\"position\":1,\"name\":\"In\u00edcio\",\"item\":\"https:\/\/www.comunicarmais.com.br\/site\/\"},{\"@type\":\"ListItem\",\"position\":2,\"name\":\"Quem Somos\"}]},{\"@type\":\"WebSite\",\"@id\":\"https:\/\/www.comunicarmais.com.br\/site\/#website\",\"url\":\"https:\/\/www.comunicarmais.com.br\/site\/\",\"name\":\"Comunicar Mais\",\"description\":\"\",\"potentialAction\":[{\"@type\":\"SearchAction\",\"target\":{\"@type\":\"EntryPoint\",\"urlTemplate\":\"https:\/\/www.comunicarmais.com.br\/site\/?s={search_term_string}\"},\"query-input\":{\"@type\":\"PropertyValueSpecification\",\"valueRequired\":true,\"valueName\":\"search_term_string\"}}],\"inLanguage\":\"pt-BR\"}]}<\/script>\n<!-- \/ Yoast SEO plugin. -->","yoast_head_json":{"title":"Quem Somos - Comunicar Mais","description":"Aqui, voc\u00ea fica bem informado do que acontece no seu bairro e no mundo. Informar com \u00e9tica e responsabilidade s\u00e3o as bandeiras do Comunicarmais.","robots":{"index":"index","follow":"follow","max-snippet":"max-snippet:-1","max-image-preview":"max-image-preview:large","max-video-preview":"max-video-preview:-1"},"canonical":"https:\/\/www.comunicarmais.com.br\/site\/quem-somos\/","og_locale":"pt_BR","og_type":"article","og_title":"Quem Somos - Comunicar Mais","og_description":"Aqui, voc\u00ea fica bem informado do que acontece no seu bairro e no mundo. Informar com \u00e9tica e responsabilidade s\u00e3o as bandeiras do Comunicarmais.","og_url":"https:\/\/www.comunicarmais.com.br\/site\/quem-somos\/","og_site_name":"Comunicar Mais","article_publisher":"https:\/\/www.facebook.com\/comunicarmais\/","article_modified_time":"2024-03-22T03:21:24+00:00","og_image":[{"url":"https:\/\/www.comunicarmais.com.br\/site\/wp-content\/uploads\/2024\/03\/logomarca-COMUNICARMAIS.jpg","type":"","width":"","height":""}],"twitter_card":"summary_large_image","twitter_site":"@ComunicarmaisBA","twitter_misc":{"Est. tempo de leitura":"1 minuto"},"schema":{"@context":"https:\/\/schema.org","@graph":[{"@type":"WebPage","@id":"https:\/\/www.comunicarmais.com.br\/site\/quem-somos\/","url":"https:\/\/www.comunicarmais.com.br\/site\/quem-somos\/","name":"Quem Somos - Comunicar Mais","isPartOf":{"@id":"https:\/\/www.comunicarmais.com.br\/site\/#website"},"primaryImageOfPage":{"@id":"https:\/\/www.comunicarmais.com.br\/site\/quem-somos\/#primaryimage"},"image":{"@id":"https:\/\/www.comunicarmais.com.br\/site\/quem-somos\/#primaryimage"},"thumbnailUrl":"https:\/\/www.comunicarmais.com.br\/site\/wp-content\/uploads\/2024\/03\/logomarca-COMUNICARMAIS.jpg","datePublished":"2018-04-16T11:50:09+00:00","dateModified":"2024-03-22T03:21:24+00:00","description":"Aqui, voc\u00ea fica bem informado do que acontece no seu bairro e no mundo. Informar com \u00e9tica e responsabilidade s\u00e3o as bandeiras do Comunicarmais.","breadcrumb":{"@id":"https:\/\/www.comunicarmais.com.br\/site\/quem-somos\/#breadcrumb"},"inLanguage":"pt-BR","potentialAction":[{"@type":"ReadAction","target":["https:\/\/www.comunicarmais.com.br\/site\/quem-somos\/"]}]},{"@type":"ImageObject","inLanguage":"pt-BR","@id":"https:\/\/www.comunicarmais.com.br\/site\/quem-somos\/#primaryimage","url":"https:\/\/www.comunicarmais.com.br\/site\/wp-content\/uploads\/2024\/03\/logomarca-COMUNICARMAIS.jpg","contentUrl":"https:\/\/www.comunicarmais.com.br\/site\/wp-content\/uploads\/2024\/03\/logomarca-COMUNICARMAIS.jpg","width":579,"height":540},{"@type":"BreadcrumbList","@id":"https:\/\/www.comunicarmais.com.br\/site\/quem-somos\/#breadcrumb","itemListElement":[{"@type":"ListItem","position":1,"name":"In\u00edcio","item":"https:\/\/www.comunicarmais.com.br\/site\/"},{"@type":"ListItem","position":2,"name":"Quem Somos"}]},{"@type":"WebSite","@id":"https:\/\/www.comunicarmais.com.br\/site\/#website","url":"https:\/\/www.comunicarmais.com.br\/site\/","name":"Comunicar Mais","description":"","potentialAction":[{"@type":"SearchAction","target":{"@type":"EntryPoint","urlTemplate":"https:\/\/www.comunicarmais.com.br\/site\/?s={search_term_string}"},"query-input":{"@type":"PropertyValueSpecification","valueRequired":true,"valueName":"search_term_string"}}],"inLanguage":"pt-BR"}]}},"_links":{"self":[{"href":"https:\/\/www.comunicarmais.com.br\/site\/wp-json\/wp\/v2\/pages\/13","targetHints":{"allow":["GET"]}}],"collection":[{"href":"https:\/\/www.comunicarmais.com.br\/site\/wp-json\/wp\/v2\/pages"}],"about":[{"href":"https:\/\/www.comunicarmais.com.br\/site\/wp-json\/wp\/v2\/types\/page"}],"author":[{"embeddable":true,"href":"https:\/\/www.comunicarmais.com.br\/site\/wp-json\/wp\/v2\/users\/2"}],"replies":[{"embeddable":true,"href":"https:\/\/www.comunicarmais.com.br\/site\/wp-json\/wp\/v2\/comments?post=13"}],"version-history":[{"count":6,"href":"https:\/\/www.comunicarmais.com.br\/site\/wp-json\/wp\/v2\/pages\/13\/revisions"}],"predecessor-version":[{"id":1571,"href":"https:\/\/www.comunicarmais.com.br\/site\/wp-json\/wp\/v2\/pages\/13\/revisions\/1571"}],"wp:attachment":[{"href":"https:\/\/www.comunicarmais.com.br\/site\/wp-json\/wp\/v2\/media?parent=13"}],"curies":[{"name":"wp","href":"https:\/\/api.w.org\/{rel}","templated":true}]}}